{"id":704,"date":"2026-03-26T13:47:37","date_gmt":"2026-03-26T12:47:37","guid":{"rendered":"https:\/\/www.raabauer-eisvogel.at\/wp\/?page_id=704"},"modified":"2026-03-26T13:51:55","modified_gmt":"2026-03-26T12:51:55","slug":"impressum","status":"publish","type":"page","link":"https:\/\/www.raabauer-eisvogel.at\/wp\/?page_id=704","title":{"rendered":"Impressum"},"content":{"rendered":"\n<p><strong>Name und Anschrift:<br><\/strong>Bio-Produkte Karl und Wilma Kaufmann<br>Raabau 168<br>A-8330 Feldbach<\/p>\n\n\n\n<p>Tel.:\u00a0<a href=\"tel:+436508632646\" target=\"_blank\" rel=\"noreferrer noopener\">+43(0)650 86 32 646<\/a><br>E-Mail:\u00a0<a href=\"mailto:office@raabauer-eisvogel.at\">office@raabauer-eisvogel.at<\/a><br>Internet:\u00a0<a href=\"https:\/\/www.raabauer-eisvogel.at\">https:\/\/www.raabauer-eisvogel.at<\/a><\/p>\n\n\n\n<p>BIO-Nummer: AT-BIO-401<br><br>Aufsichtsbeh\u00f6rde\/Gewerbebeh\u00f6rde: Bezirkshauptmannschaft S\u00fcdoststeiermark<br><br>Anwendbare Rechtsvorschriften: Gewerbeordnung des Bundesrechts: https:\/\/www.ris.bka.gv.at<\/p>\n\n\n\n<p><strong>Unternehmensgegenstand: Land- und Forstwirtschaft.<\/strong><\/p>\n\n\n\n<p>Mitglied der Landwirtschaftskammer Steiermark<\/p>\n\n\n\n<p><br><strong>Haftungsausschluss f\u00fcr Links auf Webseiten Dritter<\/strong><\/p>\n\n\n\n<p>Der Betreiber der Website \u00fcbernimmt keinerlei Haftung f\u00fcr die Inhalte oder die Verf\u00fcgbarkeit von verkn\u00fcpften\/verlinkten Websites oder URLs anderer Betreiber.<\/p>\n\n\n\n<p><strong>Haftungsausschluss f\u00fcr Fehler oder nicht aktuelle Inhalte<\/strong><\/p>\n\n\n\n<p>Trotz des Bestrebens alle Informationen auf der Website laufend zu warten und zu pr\u00fcfen, \u00fcbernimmt Raiber-Marketing e.U. keine Haftung f\u00fcr Aktualit\u00e4t, Richtigkeit, Vollst\u00e4ndigkeit oder dauernde Verf\u00fcgbarkeit der bereitgestellten Inhalte. Ebensowenig wird f\u00fcr Sch\u00e4den gehaftet, die sich durch die Nutzung\/Anwendung der Inhalte auf der Website ergeben k\u00f6nnen.<\/p>\n","protected":false},"excerpt":{"rendered":"<p>Name und Anschrift:Bio-Produkte Karl und Wilma KaufmannRaabau 168A-8330 Feldbach Tel.:\u00a0+43(0)650 86 32 646E-Mail:\u00a0office@raabauer-eisvogel.atInternet:\u00a0https:\/\/www.raabauer-eisvogel.at BIO-Nummer: AT-BIO-401 Aufsichtsbeh\u00f6rde\/Gewerbebeh\u00f6rde: Bezirkshauptmannschaft S\u00fcdoststeiermark Anwendbare Rechtsvorschriften: Gewerbeordnung des Bundesrechts: https:\/\/www.ris.bka.gv.at Unternehmensgegenstand: Land- und Forstwirtschaft. Mitglied der Landwirtschaftskammer Steiermark Haftungsausschluss f\u00fcr Links auf Webseiten Dritter Der Betreiber der Website \u00fcbernimmt keinerlei Haftung f\u00fcr die Inhalte oder die Verf\u00fcgbarkeit von verkn\u00fcpften\/verlinkten Websites oder [&hellip;]<\/p>\n","protected":false},"author":1,"featured_media":0,"parent":0,"menu_order":0,"comment_status":"closed","ping_status":"closed","template":"","meta":{"ngg_post_thumbnail":0,"footnotes":""},"class_list":["post-704","page","type-page","status-publish","hentry"],"_links":{"self":[{"href":"https:\/\/www.raabauer-eisvogel.at\/wp\/index.php?rest_route=\/wp\/v2\/pages\/704","targetHints":{"allow":["GET"]}}],"collection":[{"href":"https:\/\/www.raabauer-eisvogel.at\/wp\/index.php?rest_route=\/wp\/v2\/pages"}],"about":[{"href":"https:\/\/www.raabauer-eisvogel.at\/wp\/index.php?rest_route=\/wp\/v2\/types\/page"}],"author":[{"embeddable":true,"href":"https:\/\/www.raabauer-eisvogel.at\/wp\/index.php?rest_route=\/wp\/v2\/users\/1"}],"replies":[{"embeddable":true,"href":"https:\/\/www.raabauer-eisvogel.at\/wp\/index.php?rest_route=%2Fwp%2Fv2%2Fcomments&post=704"}],"version-history":[{"count":3,"href":"https:\/\/www.raabauer-eisvogel.at\/wp\/index.php?rest_route=\/wp\/v2\/pages\/704\/revisions"}],"predecessor-version":[{"id":708,"href":"https:\/\/www.raabauer-eisvogel.at\/wp\/index.php?rest_route=\/wp\/v2\/pages\/704\/revisions\/708"}],"wp:attachment":[{"href":"https:\/\/www.raabauer-eisvogel.at\/wp\/index.php?rest_route=%2Fwp%2Fv2%2Fmedia&parent=704"}],"curies":[{"name":"wp","href":"https:\/\/api.w.org\/{rel}","templated":true}]}}