{"id":7,"date":"2019-02-28T14:41:16","date_gmt":"2019-02-28T14:41:16","guid":{"rendered":"http:\/\/www.raabauer-eisvogel.at\/wp\/?page_id=7"},"modified":"2019-06-03T15:26:35","modified_gmt":"2019-06-03T14:26:35","slug":"aronia","status":"publish","type":"page","link":"https:\/\/www.raabauer-eisvogel.at\/wp\/?page_id=7","title":{"rendered":"Bio &#8211; Aronia"},"content":{"rendered":"\n<div class=\"wp-block-image\"><figure class=\"aligncenter is-resized\"><img fetchpriority=\"high\" decoding=\"async\" src=\"http:\/\/www.raabauer-eisvogel.at\/wp\/wp-content\/uploads\/2019\/06\/aronia-1708273_1920-1024x683.jpg\" alt=\"\" class=\"wp-image-324\" width=\"473\" height=\"315\" srcset=\"https:\/\/www.raabauer-eisvogel.at\/wp\/wp-content\/uploads\/2019\/06\/aronia-1708273_1920-1024x683.jpg 1024w, https:\/\/www.raabauer-eisvogel.at\/wp\/wp-content\/uploads\/2019\/06\/aronia-1708273_1920-300x200.jpg 300w, https:\/\/www.raabauer-eisvogel.at\/wp\/wp-content\/uploads\/2019\/06\/aronia-1708273_1920-768x512.jpg 768w, https:\/\/www.raabauer-eisvogel.at\/wp\/wp-content\/uploads\/2019\/06\/aronia-1708273_1920.jpg 1920w\" sizes=\"(max-width: 473px) 100vw, 473px\" \/><\/figure><\/div>\n\n\n\n<p>Die Aronia, oder auch Apfelbeere genannt, ist eine sehr robuste Pflanze, die mit Pflanzenkrankheiten gut selbst fertig wird. Sie ben\u00f6tigt keine Pflanzenschutzma\u00dfnahmen und keine k\u00fcnstlichen D\u00fcngema\u00dfnahmen.<\/p>\n\n\n\n<p>Im August k\u00f6nnen die violettschwarzen Fr\u00fcchte geerntet werden. Sie enthalten&nbsp;<strong>Flavonoide, Vitamin E, Kalium, Kalzium, Magnesium, Zink und Fols\u00e4ure<\/strong>. Flavonoide besitzen die F\u00e4higkeit, freie Radikale abzufangen.&nbsp;<strong>Es wird angenommen, dass sie dank ihrer antioxidativen Wirkung einen signifikanten positiven Einfluss auf die Gesundheit des Menschen haben.<\/strong>&nbsp;(wikipedia.org)<\/p>\n\n\n\n<p>Da die Fr\u00fcchte, \u00e4hnlich wie die des Holunderstrauchs, roh genossen nicht besonders gut schmecken, verarbeiten wir die frischen Fr\u00fcchte zu kalt gepresstem Saft, der nur durch Erhitzen haltbar gemacht wird. So verarbeitet kommen seine Inhaltsstoffe unserer Gesundheit zugute.<\/p>\n\n\n\n<p>Sie werden vom Geschmack des Aroniasaftes positiv \u00fcberrascht sein. Die Bitterstoffe der Beeren bleiben in den Pressr\u00fcckst\u00e4nden zur\u00fcck. Ohne Zuckerzusatz erinnert der Geschmack des &#8222;Muttersaftes&#8220; an Rotwein. Unserem &#8222;Aronia-BIO-Sirup&#8220; ist Bior\u00fcbenzucker beigemischt, wodurch er auch Kindern sehr gut schmeckt.<\/p>\n\n\n<p>[supsystic-gallery id=&#8217;3&#8242;]<\/p>\n\n\n\n<blockquote class=\"wp-block-quote is-layout-flow wp-block-quote-is-layout-flow\"><p><a href=\"https:\/\/www.raabauer-eisvogel.at\/wp\/?p=173\">Unsere Produkte kann man bei Folgenden Verkaufsstellen erwerben.<\/a><\/p><\/blockquote>\n","protected":false},"excerpt":{"rendered":"<p>Die Aronia, oder auch Apfelbeere genannt, ist eine sehr robuste Pflanze, die mit Pflanzenkrankheiten gut selbst fertig wird. Sie ben\u00f6tigt keine Pflanzenschutzma\u00dfnahmen und keine k\u00fcnstlichen D\u00fcngema\u00dfnahmen. Im August k\u00f6nnen die violettschwarzen Fr\u00fcchte geerntet werden. Sie enthalten&nbsp;Flavonoide, Vitamin E, Kalium, Kalzium, Magnesium, Zink und Fols\u00e4ure. Flavonoide besitzen die F\u00e4higkeit, freie Radikale abzufangen.&nbsp;Es wird angenommen, dass sie [&hellip;]<\/p>\n","protected":false},"author":1,"featured_media":0,"parent":0,"menu_order":0,"comment_status":"closed","ping_status":"closed","template":"","meta":{"ngg_post_thumbnail":0,"footnotes":""},"class_list":["post-7","page","type-page","status-publish","hentry"],"_links":{"self":[{"href":"https:\/\/www.raabauer-eisvogel.at\/wp\/index.php?rest_route=\/wp\/v2\/pages\/7","targetHints":{"allow":["GET"]}}],"collection":[{"href":"https:\/\/www.raabauer-eisvogel.at\/wp\/index.php?rest_route=\/wp\/v2\/pages"}],"about":[{"href":"https:\/\/www.raabauer-eisvogel.at\/wp\/index.php?rest_route=\/wp\/v2\/types\/page"}],"author":[{"embeddable":true,"href":"https:\/\/www.raabauer-eisvogel.at\/wp\/index.php?rest_route=\/wp\/v2\/users\/1"}],"replies":[{"embeddable":true,"href":"https:\/\/www.raabauer-eisvogel.at\/wp\/index.php?rest_route=%2Fwp%2Fv2%2Fcomments&post=7"}],"version-history":[{"count":11,"href":"https:\/\/www.raabauer-eisvogel.at\/wp\/index.php?rest_route=\/wp\/v2\/pages\/7\/revisions"}],"predecessor-version":[{"id":352,"href":"https:\/\/www.raabauer-eisvogel.at\/wp\/index.php?rest_route=\/wp\/v2\/pages\/7\/revisions\/352"}],"wp:attachment":[{"href":"https:\/\/www.raabauer-eisvogel.at\/wp\/index.php?rest_route=%2Fwp%2Fv2%2Fmedia&parent=7"}],"curies":[{"name":"wp","href":"https:\/\/api.w.org\/{rel}","templated":true}]}}