{"id":249,"date":"2019-05-16T15:31:24","date_gmt":"2019-05-16T14:31:24","guid":{"rendered":"http:\/\/www.raabauer-eisvogel.at\/wp\/?page_id=249"},"modified":"2019-06-03T11:20:42","modified_gmt":"2019-06-03T10:20:42","slug":"bio-birnenmost","status":"publish","type":"page","link":"https:\/\/www.raabauer-eisvogel.at\/wp\/?page_id=249","title":{"rendered":"Bio &#8211; Birnenmost"},"content":{"rendered":"\n<div class=\"wp-block-image\"><figure class=\"aligncenter is-resized\"><img fetchpriority=\"high\" decoding=\"async\" src=\"http:\/\/www.raabauer-eisvogel.at\/wp\/wp-content\/uploads\/2019\/04\/Birnenmost-794x1024.png\" alt=\"\" class=\"wp-image-212\" width=\"304\" height=\"392\" srcset=\"https:\/\/www.raabauer-eisvogel.at\/wp\/wp-content\/uploads\/2019\/04\/Birnenmost-794x1024.png 794w, https:\/\/www.raabauer-eisvogel.at\/wp\/wp-content\/uploads\/2019\/04\/Birnenmost-233x300.png 233w, https:\/\/www.raabauer-eisvogel.at\/wp\/wp-content\/uploads\/2019\/04\/Birnenmost-768x991.png 768w, https:\/\/www.raabauer-eisvogel.at\/wp\/wp-content\/uploads\/2019\/04\/Birnenmost.png 948w\" sizes=\"(max-width: 304px) 100vw, 304px\" \/><\/figure><\/div>\n\n\n\n<p>\n\nDieser Most ist einzigartig im Geschmack. Ganz anders, als der Klassiker aus \u00c4pfeln bringt dieses Getr\u00e4nk pur oder gespritzt Abwechslung in das Getr\u00e4nkeangebot am Tisch.\n\n<\/p>\n\n\n\n<blockquote class=\"wp-block-quote is-layout-flow wp-block-quote-is-layout-flow\"><p> <a href=\"https:\/\/www.raabauer-eisvogel.at\/wp\/?p=173\">Unsere Produkte kann man bei Folgenden Verkaufsstellen erwerben.<\/a> <\/p><\/blockquote>\n","protected":false},"excerpt":{"rendered":"<p>Dieser Most ist einzigartig im Geschmack. Ganz anders, als der Klassiker aus \u00c4pfeln bringt dieses Getr\u00e4nk pur oder gespritzt Abwechslung in das Getr\u00e4nkeangebot am Tisch. Unsere Produkte kann man bei Folgenden Verkaufsstellen erwerben.<\/p>\n","protected":false},"author":1,"featured_media":0,"parent":0,"menu_order":0,"comment_status":"closed","ping_status":"closed","template":"","meta":{"ngg_post_thumbnail":0,"footnotes":""},"class_list":["post-249","page","type-page","status-publish","hentry"],"_links":{"self":[{"href":"https:\/\/www.raabauer-eisvogel.at\/wp\/index.php?rest_route=\/wp\/v2\/pages\/249","targetHints":{"allow":["GET"]}}],"collection":[{"href":"https:\/\/www.raabauer-eisvogel.at\/wp\/index.php?rest_route=\/wp\/v2\/pages"}],"about":[{"href":"https:\/\/www.raabauer-eisvogel.at\/wp\/index.php?rest_route=\/wp\/v2\/types\/page"}],"author":[{"embeddable":true,"href":"https:\/\/www.raabauer-eisvogel.at\/wp\/index.php?rest_route=\/wp\/v2\/users\/1"}],"replies":[{"embeddable":true,"href":"https:\/\/www.raabauer-eisvogel.at\/wp\/index.php?rest_route=%2Fwp%2Fv2%2Fcomments&post=249"}],"version-history":[{"count":3,"href":"https:\/\/www.raabauer-eisvogel.at\/wp\/index.php?rest_route=\/wp\/v2\/pages\/249\/revisions"}],"predecessor-version":[{"id":309,"href":"https:\/\/www.raabauer-eisvogel.at\/wp\/index.php?rest_route=\/wp\/v2\/pages\/249\/revisions\/309"}],"wp:attachment":[{"href":"https:\/\/www.raabauer-eisvogel.at\/wp\/index.php?rest_route=%2Fwp%2Fv2%2Fmedia&parent=249"}],"curies":[{"name":"wp","href":"https:\/\/api.w.org\/{rel}","templated":true}]}}