{"id":243,"date":"2019-05-16T15:34:37","date_gmt":"2019-05-16T14:34:37","guid":{"rendered":"http:\/\/www.raabauer-eisvogel.at\/wp\/?page_id=243"},"modified":"2019-06-03T11:23:13","modified_gmt":"2019-06-03T10:23:13","slug":"bio-kuerbis-kernoel","status":"publish","type":"page","link":"https:\/\/www.raabauer-eisvogel.at\/wp\/?page_id=243","title":{"rendered":"Bio &#8211; K\u00fcrbis Kern\u00f6l"},"content":{"rendered":"\n<div class=\"wp-block-image\"><figure class=\"aligncenter is-resized\"><img decoding=\"async\" src=\"https:\/\/www.raabauer-eisvogel.at\/wp\/wp-content\/uploads\/2019\/06\/BIO-K\u00fcrbiskern\u00f6l-272x1024.jpg\" alt=\"\" class=\"wp-image-311\" width=\"104\" height=\"389\"\/><\/figure><\/div>\n\n\n\n<p>Der Steirische \u00d6lk\u00fcrbis ist weit \u00fcber unsere Grenzen hinaus bekannt. Die schweren, lehmigen B\u00f6den im Raabtal und das warme, fast schon mediterrane Klima, verleihen dem Kern\u00f6l ein kr\u00e4ftiges Aroma mit einer angenehm nussigen Note.<\/p>\n\n\n\n<p>Im biologischen Landbau verwenden wir altbew\u00e4hrtes Saatgut ohne Beizmittel und kein Hybridsaatgut. Gegen das Unkraut wird gehackt und nicht gespritzt. Wir betreiben Fruchtwechselwirtschaft, das hei\u00dft, der K\u00fcrbis wird nur alle 4 Jahre auf dem Selben Feld gesetzt.<br>Dadurch k\u00f6nnen sich die B\u00f6den erholen und die Vielfalt in der Landschaft bleibt erhalten.<\/p>\n\n\n\n<blockquote class=\"wp-block-quote is-layout-flow wp-block-quote-is-layout-flow\"><p> <a href=\"https:\/\/www.raabauer-eisvogel.at\/wp\/?p=173\">Unsere Produkte kann man bei Folgenden Verkaufsstellen erwerben.<\/a> <\/p><\/blockquote>\n\n\n\n<p><\/p>\n","protected":false},"excerpt":{"rendered":"<p>Der Steirische \u00d6lk\u00fcrbis ist weit \u00fcber unsere Grenzen hinaus bekannt. Die schweren, lehmigen B\u00f6den im Raabtal und das warme, fast schon mediterrane Klima, verleihen dem Kern\u00f6l ein kr\u00e4ftiges Aroma mit einer angenehm nussigen Note. Im biologischen Landbau verwenden wir altbew\u00e4hrtes Saatgut ohne Beizmittel und kein Hybridsaatgut. Gegen das Unkraut wird gehackt und nicht gespritzt. Wir [&hellip;]<\/p>\n","protected":false},"author":1,"featured_media":0,"parent":0,"menu_order":0,"comment_status":"closed","ping_status":"closed","template":"","meta":{"ngg_post_thumbnail":0,"footnotes":""},"class_list":["post-243","page","type-page","status-publish","hentry"],"_links":{"self":[{"href":"https:\/\/www.raabauer-eisvogel.at\/wp\/index.php?rest_route=\/wp\/v2\/pages\/243","targetHints":{"allow":["GET"]}}],"collection":[{"href":"https:\/\/www.raabauer-eisvogel.at\/wp\/index.php?rest_route=\/wp\/v2\/pages"}],"about":[{"href":"https:\/\/www.raabauer-eisvogel.at\/wp\/index.php?rest_route=\/wp\/v2\/types\/page"}],"author":[{"embeddable":true,"href":"https:\/\/www.raabauer-eisvogel.at\/wp\/index.php?rest_route=\/wp\/v2\/users\/1"}],"replies":[{"embeddable":true,"href":"https:\/\/www.raabauer-eisvogel.at\/wp\/index.php?rest_route=%2Fwp%2Fv2%2Fcomments&post=243"}],"version-history":[{"count":3,"href":"https:\/\/www.raabauer-eisvogel.at\/wp\/index.php?rest_route=\/wp\/v2\/pages\/243\/revisions"}],"predecessor-version":[{"id":312,"href":"https:\/\/www.raabauer-eisvogel.at\/wp\/index.php?rest_route=\/wp\/v2\/pages\/243\/revisions\/312"}],"wp:attachment":[{"href":"https:\/\/www.raabauer-eisvogel.at\/wp\/index.php?rest_route=%2Fwp%2Fv2%2Fmedia&parent=243"}],"curies":[{"name":"wp","href":"https:\/\/api.w.org\/{rel}","templated":true}]}}