{"id":241,"date":"2019-05-16T15:35:00","date_gmt":"2019-05-16T14:35:00","guid":{"rendered":"http:\/\/www.raabauer-eisvogel.at\/wp\/?page_id=241"},"modified":"2019-06-03T14:58:56","modified_gmt":"2019-06-03T13:58:56","slug":"salze","status":"publish","type":"page","link":"https:\/\/www.raabauer-eisvogel.at\/wp\/?page_id=241","title":{"rendered":"Bio &#8211; Salze"},"content":{"rendered":"<p>[supsystic-gallery id=4]<\/p>\n\n\n\n<h3 class=\"wp-block-heading\">Bio-Chillisalz  <\/h3>\n\n\n\n<p>Manche m\u00f6gen&#8217;s scharf! Ein K\u00e4sebrot mit Chilisalz schmeckt ebenso, wie Tomaten, oder selbst gemachte Aufstriche. Passt hervorragend zu Gulasch oder Chili Con Carne. <\/p>\n\n\n\n<h3 class=\"wp-block-heading\">Bio-Knoblauchsalz<\/h3>\n\n\n\n<p>Knoblauch passt zu\nvielen Speisen! Vermischt mit unserem K\u00fcrbiskernsalz bekommen Endivien-sowie Vogerlsalat eine\nkr\u00e4ftige Note! Aber auch zu Kartoffeln und Eierspeisen passt dieses Salz sehr\ngut. <\/p>\n\n\n\n<h3 class=\"wp-block-heading\">Bio-K\u00fcrbiskernsalz<\/h3>\n\n\n\n<p>Es muss nicht immer Kern\u00f6l sein. Fein gerieben verleihen die Steirischen K\u00fcrbiskerne unseren Salzmischungen ein wunderbares Aroma. Rohkost , Bratkartoffeln, Eierspeisen Aufl\u00e4ufe und nat\u00fcrlich Salate bekommen optisch und auch geschmacklich einen\nPfiff! <\/p>\n\n\n\n<h3 class=\"wp-block-heading\">Bio-Vulkanlandsalz<\/h3>\n\n\n\n<p>Ein Bl\u00fctensalz genau passend zum Vulkanland! Die Farben des Vulkanlandes eingefangen in einem sch\u00f6nen Glas. Auch positive Eigenschaften sollen mit diesem Gew\u00fcrz verbunden werden!<\/p>\n\n\n\n<ul class=\"wp-block-list\"><li>Salz bildet die Basis im Leben, ohne Salz kein Leben<\/li><li>Rose steht f\u00fcr die Liebe<\/li><li>Ringelblumen als Symbol f\u00fcr Gesundheit und Heilung<\/li><li>Petersilie ist ein Dauergast im Garten und steht f\u00fcr Ausdauer und Geduld<\/li><li>Zitronenverbene sorgt f\u00fcr den Pfiff im Leben<\/li><li>Brennnessel als Symbol daf\u00fcr, dass nicht immer alles glatt l\u00e4uft im Leben.<\/li><\/ul>\n\n\n\n<p>Ein Dekorations -und Verfeinerungssalz! Duft und Geschmack entfalten sich sofort durch das frische Mahlen mit der M\u00fchle. Ein Teller bekommt eine ganz besondere Optik, bestreut mit diesem Salz. Passt zu allen Salaten, zu Eierspeisen, Frischk\u00e4se, aber auch zu Kartoffeln, \u00fcber vielerlei Gem\u00fcse, in selbst gemachte Aufstriche, \u00fcber pikante Palatschinken u.s.w.<\/p>\n\n\n\n<blockquote class=\"wp-block-quote is-layout-flow wp-block-quote-is-layout-flow\"><p> <a href=\"https:\/\/www.raabauer-eisvogel.at\/wp\/?p=173\">Unsere Produkte kann man bei Folgenden Verkaufsstellen erwerben.<\/a> <\/p><\/blockquote>\n","protected":false},"excerpt":{"rendered":"<p>Bio-Chillisalz Manche m\u00f6gen&#8217;s scharf! Ein K\u00e4sebrot mit Chilisalz schmeckt ebenso, wie Tomaten, oder selbst gemachte Aufstriche. Passt hervorragend zu Gulasch oder Chili Con Carne. Bio-Knoblauchsalz Knoblauch passt zu vielen Speisen! Vermischt mit unserem K\u00fcrbiskernsalz bekommen Endivien-sowie Vogerlsalat eine kr\u00e4ftige Note! Aber auch zu Kartoffeln und Eierspeisen passt dieses Salz sehr gut. Bio-K\u00fcrbiskernsalz Es muss nicht [&hellip;]<\/p>\n","protected":false},"author":1,"featured_media":0,"parent":0,"menu_order":0,"comment_status":"closed","ping_status":"closed","template":"","meta":{"ngg_post_thumbnail":0,"footnotes":""},"class_list":["post-241","page","type-page","status-publish","hentry"],"_links":{"self":[{"href":"https:\/\/www.raabauer-eisvogel.at\/wp\/index.php?rest_route=\/wp\/v2\/pages\/241","targetHints":{"allow":["GET"]}}],"collection":[{"href":"https:\/\/www.raabauer-eisvogel.at\/wp\/index.php?rest_route=\/wp\/v2\/pages"}],"about":[{"href":"https:\/\/www.raabauer-eisvogel.at\/wp\/index.php?rest_route=\/wp\/v2\/types\/page"}],"author":[{"embeddable":true,"href":"https:\/\/www.raabauer-eisvogel.at\/wp\/index.php?rest_route=\/wp\/v2\/users\/1"}],"replies":[{"embeddable":true,"href":"https:\/\/www.raabauer-eisvogel.at\/wp\/index.php?rest_route=%2Fwp%2Fv2%2Fcomments&post=241"}],"version-history":[{"count":6,"href":"https:\/\/www.raabauer-eisvogel.at\/wp\/index.php?rest_route=\/wp\/v2\/pages\/241\/revisions"}],"predecessor-version":[{"id":322,"href":"https:\/\/www.raabauer-eisvogel.at\/wp\/index.php?rest_route=\/wp\/v2\/pages\/241\/revisions\/322"}],"wp:attachment":[{"href":"https:\/\/www.raabauer-eisvogel.at\/wp\/index.php?rest_route=%2Fwp%2Fv2%2Fmedia&parent=241"}],"curies":[{"name":"wp","href":"https:\/\/api.w.org\/{rel}","templated":true}]}}