{"id":15,"date":"2019-02-28T14:44:40","date_gmt":"2019-02-28T13:44:40","guid":{"rendered":"http:\/\/www.raabauer-eisvogel.at\/wp\/?page_id=15"},"modified":"2020-06-15T13:40:31","modified_gmt":"2020-06-15T12:40:31","slug":"rote-ribisel","status":"publish","type":"page","link":"https:\/\/www.raabauer-eisvogel.at\/wp\/?page_id=15","title":{"rendered":"Bio &#8211; Rote Ribisel"},"content":{"rendered":"\n<div class=\"wp-block-image\"><figure class=\"aligncenter\"><img fetchpriority=\"high\" decoding=\"async\" width=\"425\" height=\"567\" src=\"https:\/\/www.raabauer-eisvogel.at\/wp\/wp-content\/uploads\/2019\/02\/rribisel-425x567.jpg\" alt=\"\" class=\"wp-image-69\" srcset=\"https:\/\/www.raabauer-eisvogel.at\/wp\/wp-content\/uploads\/2019\/02\/rribisel-425x567.jpg 425w, https:\/\/www.raabauer-eisvogel.at\/wp\/wp-content\/uploads\/2019\/02\/rribisel-425x567-225x300.jpg 225w\" sizes=\"(max-width: 425px) 100vw, 425px\" \/><\/figure><\/div>\n\n\n\n<p>Die rote Ribisel geh\u00f6rt zur Familie der Stachelbeergew\u00e4chse und w\u00e4chst als 1 bis 2 m hoher Strauch. Rote Ribisel sind die&nbsp;<strong>Multivitaminbomben<\/strong>&nbsp;aus dem eigenen Garten und vor allem beim&nbsp;<strong>Vitamin-C-Gehalt<\/strong>kaum zu \u00fcbertreffen.<\/p>\n\n\n\n<p>Neben einer Reihe anderer Vitamine enthalten diese Beeren au\u00dferdem&nbsp;<strong>Kalium, Kalzium, Mangan, Eisen und Pektine<\/strong>. Der hohe Fruchts\u00e4uregehalt und die wertvollen Ballaststoffe regen die Verdauungsorgane an und wirken Verstopfungen entgegen.<\/p>\n\n\n\n<p>Rote Ribisel werden h\u00e4ufig roh gegessen. Man kann sie aber auch f\u00fcr Obstkuchen, Fruchtsalate oder als Dekoration zu Desserts verwenden. Wegen ihres s\u00fc\u00df-s\u00e4uerlichen Geschmacks werden sie aber auch sehr gerne zu Marmelade und Sirup verarbeitet.<\/p>\n\n\n\n<p>Allgemein gelten Ribisel als nervenberuhigend und immunst\u00e4rkend.<\/p>\n\n\n\n<hr class=\"wp-block-separator is-style-wide\"\/>\n\n\n\n<h3 class=\"wp-block-heading\">Rote Ribisel Bio-Sirup<\/h3>\n\n\n\n<div class=\"wp-block-image\"><figure class=\"aligncenter\"><img decoding=\"async\" width=\"187\" height=\"281\" src=\"http:\/\/www.raabauer-eisvogel.at\/wp\/wp-content\/uploads\/2019\/02\/sirup005.jpg\" alt=\"\" class=\"wp-image-47\"\/><\/figure><\/div>\n\n\n\n<p>Die rote Ribisel ist im Laufe der Zeit aus unseren Hausg\u00e4rten verschwunden. In unserem Saft haben wir den Geschmack und die Farbe der leuchtend roten Beeren eingefangen. Entdecken Sie den Saft der Ribisel als wunderbares Getr\u00e4nk f\u00fcr die ganze Familie! <\/p>\n\n\n\n<blockquote class=\"wp-block-quote is-layout-flow wp-block-quote-is-layout-flow\"><p> <a href=\"https:\/\/www.raabauer-eisvogel.at\/wp\/?p=173\">Unsere Produkte kann man bei Folgenden Verkaufsstellen erwerben.<\/a> <\/p><\/blockquote>\n","protected":false},"excerpt":{"rendered":"<p>Die rote Ribisel geh\u00f6rt zur Familie der Stachelbeergew\u00e4chse und w\u00e4chst als 1 bis 2 m hoher Strauch. Rote Ribisel sind die&nbsp;Multivitaminbomben&nbsp;aus dem eigenen Garten und vor allem beim&nbsp;Vitamin-C-Gehaltkaum zu \u00fcbertreffen. Neben einer Reihe anderer Vitamine enthalten diese Beeren au\u00dferdem&nbsp;Kalium, Kalzium, Mangan, Eisen und Pektine. Der hohe Fruchts\u00e4uregehalt und die wertvollen Ballaststoffe regen die Verdauungsorgane an [&hellip;]<\/p>\n","protected":false},"author":1,"featured_media":0,"parent":0,"menu_order":0,"comment_status":"closed","ping_status":"closed","template":"","meta":{"ngg_post_thumbnail":0,"footnotes":""},"class_list":["post-15","page","type-page","status-publish","hentry"],"_links":{"self":[{"href":"https:\/\/www.raabauer-eisvogel.at\/wp\/index.php?rest_route=\/wp\/v2\/pages\/15","targetHints":{"allow":["GET"]}}],"collection":[{"href":"https:\/\/www.raabauer-eisvogel.at\/wp\/index.php?rest_route=\/wp\/v2\/pages"}],"about":[{"href":"https:\/\/www.raabauer-eisvogel.at\/wp\/index.php?rest_route=\/wp\/v2\/types\/page"}],"author":[{"embeddable":true,"href":"https:\/\/www.raabauer-eisvogel.at\/wp\/index.php?rest_route=\/wp\/v2\/users\/1"}],"replies":[{"embeddable":true,"href":"https:\/\/www.raabauer-eisvogel.at\/wp\/index.php?rest_route=%2Fwp%2Fv2%2Fcomments&post=15"}],"version-history":[{"count":7,"href":"https:\/\/www.raabauer-eisvogel.at\/wp\/index.php?rest_route=\/wp\/v2\/pages\/15\/revisions"}],"predecessor-version":[{"id":408,"href":"https:\/\/www.raabauer-eisvogel.at\/wp\/index.php?rest_route=\/wp\/v2\/pages\/15\/revisions\/408"}],"wp:attachment":[{"href":"https:\/\/www.raabauer-eisvogel.at\/wp\/index.php?rest_route=%2Fwp%2Fv2%2Fmedia&parent=15"}],"curies":[{"name":"wp","href":"https:\/\/api.w.org\/{rel}","templated":true}]}}