{"id":13,"date":"2019-02-28T14:44:40","date_gmt":"2019-02-28T14:44:40","guid":{"rendered":"http:\/\/www.raabauer-eisvogel.at\/wp\/?page_id=13"},"modified":"2022-05-11T12:04:37","modified_gmt":"2022-05-11T11:04:37","slug":"fruechte","status":"publish","type":"page","link":"https:\/\/www.raabauer-eisvogel.at\/wp\/?page_id=13","title":{"rendered":"Unsere Produkte"},"content":{"rendered":"\n<figure class=\"wp-block-gallery has-nested-images columns-1 is-cropped wp-block-gallery-1 is-layout-flex wp-block-gallery-is-layout-flex\">\n<figure class=\"wp-block-image\"><img fetchpriority=\"high\" decoding=\"async\" width=\"900\" height=\"600\" data-id=\"666\" src=\"http:\/\/www.raabauer-eisvogel.at\/wp\/wp-content\/uploads\/2022\/05\/sortiment3_zoom_vorschau.jpg\" alt=\"\" class=\"wp-image-666\" srcset=\"https:\/\/www.raabauer-eisvogel.at\/wp\/wp-content\/uploads\/2022\/05\/sortiment3_zoom_vorschau.jpg 900w, https:\/\/www.raabauer-eisvogel.at\/wp\/wp-content\/uploads\/2022\/05\/sortiment3_zoom_vorschau-300x200.jpg 300w, https:\/\/www.raabauer-eisvogel.at\/wp\/wp-content\/uploads\/2022\/05\/sortiment3_zoom_vorschau-768x512.jpg 768w\" sizes=\"(max-width: 900px) 100vw, 900px\" \/><\/figure>\n\n\n\n<figure class=\"wp-block-image\"><img decoding=\"async\" width=\"900\" height=\"600\" data-id=\"667\" src=\"http:\/\/www.raabauer-eisvogel.at\/wp\/wp-content\/uploads\/2022\/05\/sortiment2_zoom_vorschau.jpg\" alt=\"\" class=\"wp-image-667\" srcset=\"https:\/\/www.raabauer-eisvogel.at\/wp\/wp-content\/uploads\/2022\/05\/sortiment2_zoom_vorschau.jpg 900w, https:\/\/www.raabauer-eisvogel.at\/wp\/wp-content\/uploads\/2022\/05\/sortiment2_zoom_vorschau-300x200.jpg 300w, https:\/\/www.raabauer-eisvogel.at\/wp\/wp-content\/uploads\/2022\/05\/sortiment2_zoom_vorschau-768x512.jpg 768w\" sizes=\"(max-width: 900px) 100vw, 900px\" \/><\/figure>\n\n\n\n<figure class=\"wp-block-image\"><img decoding=\"async\" width=\"900\" height=\"600\" data-id=\"664\" src=\"http:\/\/www.raabauer-eisvogel.at\/wp\/wp-content\/uploads\/2022\/05\/Aronia_produkte.jpg\" alt=\"\" class=\"wp-image-664\" srcset=\"https:\/\/www.raabauer-eisvogel.at\/wp\/wp-content\/uploads\/2022\/05\/Aronia_produkte.jpg 900w, https:\/\/www.raabauer-eisvogel.at\/wp\/wp-content\/uploads\/2022\/05\/Aronia_produkte-300x200.jpg 300w, https:\/\/www.raabauer-eisvogel.at\/wp\/wp-content\/uploads\/2022\/05\/Aronia_produkte-768x512.jpg 768w\" sizes=\"(max-width: 900px) 100vw, 900px\" \/><\/figure>\n<\/figure>\n\n\n\n<p>Im Raabtal lebt und br\u00fctet der&nbsp;<a href=\"http:\/\/de.wikipedia.org\/wiki\/Eisvogel\">Eisvogel<\/a>. Wir wollen die Regionalit\u00e4t und Nat\u00fcrlichkeit unserer Produkte mit der Wahl des Namens &#8222;RAABAUER EISVOGEL&#8220; hervorheben. Der&nbsp;<a href=\"http:\/\/de.wikipedia.org\/wiki\/Eisvogel\">Eisvogel<\/a>&nbsp;ist auch das Wappentier unserer&nbsp;<a href=\"http:\/\/www.raabau.at\/\">Gemeinde Raabau<\/a>.<\/p>\n\n\n\n<p>Wir verarbeiten in unseren S\u00e4ften ausschlie\u00dflich biologisch angebaute, sonnengereifte Fr\u00fcchte. Diese werden kalt gepresst, mit Bior\u00fcbenzucker vermischt und ohne chemische Zus\u00e4tze, nur durch Erhitzen, haltbar gemacht.<\/p>\n","protected":false},"excerpt":{"rendered":"<p>Im Raabtal lebt und br\u00fctet der&nbsp;Eisvogel. Wir wollen die Regionalit\u00e4t und Nat\u00fcrlichkeit unserer Produkte mit der Wahl des Namens &#8222;RAABAUER EISVOGEL&#8220; hervorheben. Der&nbsp;Eisvogel&nbsp;ist auch das Wappentier unserer&nbsp;Gemeinde Raabau. Wir verarbeiten in unseren S\u00e4ften ausschlie\u00dflich biologisch angebaute, sonnengereifte Fr\u00fcchte. Diese werden kalt gepresst, mit Bior\u00fcbenzucker vermischt und ohne chemische Zus\u00e4tze, nur durch Erhitzen, haltbar gemacht.<\/p>\n","protected":false},"author":1,"featured_media":0,"parent":0,"menu_order":0,"comment_status":"closed","ping_status":"closed","template":"","meta":{"ngg_post_thumbnail":0,"footnotes":""},"class_list":["post-13","page","type-page","status-publish","hentry"],"_links":{"self":[{"href":"https:\/\/www.raabauer-eisvogel.at\/wp\/index.php?rest_route=\/wp\/v2\/pages\/13","targetHints":{"allow":["GET"]}}],"collection":[{"href":"https:\/\/www.raabauer-eisvogel.at\/wp\/index.php?rest_route=\/wp\/v2\/pages"}],"about":[{"href":"https:\/\/www.raabauer-eisvogel.at\/wp\/index.php?rest_route=\/wp\/v2\/types\/page"}],"author":[{"embeddable":true,"href":"https:\/\/www.raabauer-eisvogel.at\/wp\/index.php?rest_route=\/wp\/v2\/users\/1"}],"replies":[{"embeddable":true,"href":"https:\/\/www.raabauer-eisvogel.at\/wp\/index.php?rest_route=%2Fwp%2Fv2%2Fcomments&post=13"}],"version-history":[{"count":9,"href":"https:\/\/www.raabauer-eisvogel.at\/wp\/index.php?rest_route=\/wp\/v2\/pages\/13\/revisions"}],"predecessor-version":[{"id":674,"href":"https:\/\/www.raabauer-eisvogel.at\/wp\/index.php?rest_route=\/wp\/v2\/pages\/13\/revisions\/674"}],"wp:attachment":[{"href":"https:\/\/www.raabauer-eisvogel.at\/wp\/index.php?rest_route=%2Fwp%2Fv2%2Fmedia&parent=13"}],"curies":[{"name":"wp","href":"https:\/\/api.w.org\/{rel}","templated":true}]}}